{"id":16992,"date":"2025-04-23T09:37:53","date_gmt":"2025-04-23T07:37:53","guid":{"rendered":"https:\/\/www.docfinder.at\/wissensmagazin\/?page_id=16992"},"modified":"2025-09-02T11:13:07","modified_gmt":"2025-09-02T09:13:07","slug":"kinderwunsch","status":"publish","type":"page","link":"https:\/\/www.docfinder.at\/wissensmagazin\/kinderwunsch\/","title":{"rendered":"Kinderwunsch und Fruchtbarkeit"},"content":{"rendered":"\n<div class=\"col-12 col-md-6 order-5 p-0 order-md-1 bg-light filter-content\">\n    <h1>Kinderwunsch &amp; Fruchtbarkeit<\/h1>\n<p>F\u00fcr viele Paare ist der Kinderwunsch ein bedeutender Schritt im Leben \u2013 und h\u00e4ufig eine Zeit voller Fragen, Hoffnungen und auch Unsicherheiten. Wie k\u00f6nnen Sie Ihre Chancen auf eine Schwangerschaft verbessern? Was tun, wenn es nicht sofort klappt? Welche medizinischen M\u00f6glichkeiten stehen zur Verf\u00fcgung? Und welchen Einfluss haben Lebensstil, Hormone oder Krankheiten auf die Fruchtbarkeit? Auf dieser Seite finden Sie viele Informationen, bew\u00e4hrte Tipps und aktuelle Erkenntnisse rund um Fruchtbarkeit und Kinderwunsch.<\/p>\n<\/div>\n<div class=\"col-12 col-md-6 order-1 p-0 order-md-5 border-top border-primary border-2\">\n    <img decoding=\"async\" src=\"https:\/\/assets-ratgeber.docfinder.at\/uploads\/Kinderwunsch.jpg\" class=\"img-fluid\" alt=\"Header Bild\">\n<\/div>\n","protected":false},"excerpt":{"rendered":"","protected":false},"author":16,"featured_media":17253,"parent":0,"menu_order":0,"comment_status":"closed","ping_status":"closed","template":"page-themenfilter.php","meta":{"_acf_changed":false,"footnotes":""},"class_list":["post-16992","page","type-page","status-publish","has-post-thumbnail","hentry"],"acf":[],"_links":{"self":[{"href":"https:\/\/www.docfinder.at\/wissensmagazin\/wp-json\/wp\/v2\/pages\/16992","targetHints":{"allow":["GET"]}}],"collection":[{"href":"https:\/\/www.docfinder.at\/wissensmagazin\/wp-json\/wp\/v2\/pages"}],"about":[{"href":"https:\/\/www.docfinder.at\/wissensmagazin\/wp-json\/wp\/v2\/types\/page"}],"author":[{"embeddable":true,"href":"https:\/\/www.docfinder.at\/wissensmagazin\/wp-json\/wp\/v2\/users\/16"}],"replies":[{"embeddable":true,"href":"https:\/\/www.docfinder.at\/wissensmagazin\/wp-json\/wp\/v2\/comments?post=16992"}],"version-history":[{"count":18,"href":"https:\/\/www.docfinder.at\/wissensmagazin\/wp-json\/wp\/v2\/pages\/16992\/revisions"}],"predecessor-version":[{"id":17631,"href":"https:\/\/www.docfinder.at\/wissensmagazin\/wp-json\/wp\/v2\/pages\/16992\/revisions\/17631"}],"wp:featuredmedia":[{"embeddable":true,"href":"https:\/\/www.docfinder.at\/wissensmagazin\/wp-json\/wp\/v2\/media\/17253"}],"wp:attachment":[{"href":"https:\/\/www.docfinder.at\/wissensmagazin\/wp-json\/wp\/v2\/media?parent=16992"}],"curies":[{"name":"wp","href":"https:\/\/api.w.org\/{rel}","templated":true}]}}