{"id":15865,"date":"2024-12-19T10:36:43","date_gmt":"2024-12-19T09:36:43","guid":{"rendered":"https:\/\/www.docfinder.at\/wissensmagazin\/?page_id=15865"},"modified":"2026-05-11T11:58:22","modified_gmt":"2026-05-11T09:58:22","slug":"hpv","status":"publish","type":"page","link":"https:\/\/www.docfinder.at\/wissensmagazin\/hpv\/","title":{"rendered":"HPV"},"content":{"rendered":"\n<div class=\"col-12 col-md-6 order-5 p-0 order-md-1 bg-light filter-content\">\n    <h1>HPV<\/h1>\n<p>Humane Papillomaviren, kurz HPV, geh\u00f6ren zu den h\u00e4ufigsten sexuell \u00fcbertragbaren Viren. Viele Infektionen bleiben unbemerkt und heilen von selbst wieder ab. Bestimmte HPV-Typen k\u00f6nnen jedoch Feigwarzen verursachen oder langfristig das Risiko f\u00fcr Geb\u00e4rmutterhalskrebs und andere Krebsarten erh\u00f6hen. Hier erhalten Sie einen \u00dcberblick \u00fcber HPV, m\u00f6gliche Symptome, Diagnose, Impfung, Vorbeugung und Folgeerkrankungen.<\/p>\n<\/div>\n<div class=\"col-12 col-md-6 order-1 p-0 order-md-5 border-top border-primary border-2\">\n    <img decoding=\"async\" src=\"https:\/\/assets-ratgeber.docfinder.at\/uploads\/HPV-Uebersicht.jpg\" class=\"img-fluid\" alt=\"Header Bild\">\n<\/div>\n","protected":false},"excerpt":{"rendered":"","protected":false},"author":16,"featured_media":15866,"parent":0,"menu_order":0,"comment_status":"closed","ping_status":"closed","template":"page-themenfilter.php","meta":{"_acf_changed":false,"footnotes":""},"class_list":["post-15865","page","type-page","status-publish","has-post-thumbnail","hentry"],"acf":[],"_links":{"self":[{"href":"https:\/\/www.docfinder.at\/wissensmagazin\/wp-json\/wp\/v2\/pages\/15865","targetHints":{"allow":["GET"]}}],"collection":[{"href":"https:\/\/www.docfinder.at\/wissensmagazin\/wp-json\/wp\/v2\/pages"}],"about":[{"href":"https:\/\/www.docfinder.at\/wissensmagazin\/wp-json\/wp\/v2\/types\/page"}],"author":[{"embeddable":true,"href":"https:\/\/www.docfinder.at\/wissensmagazin\/wp-json\/wp\/v2\/users\/16"}],"replies":[{"embeddable":true,"href":"https:\/\/www.docfinder.at\/wissensmagazin\/wp-json\/wp\/v2\/comments?post=15865"}],"version-history":[{"count":18,"href":"https:\/\/www.docfinder.at\/wissensmagazin\/wp-json\/wp\/v2\/pages\/15865\/revisions"}],"predecessor-version":[{"id":18894,"href":"https:\/\/www.docfinder.at\/wissensmagazin\/wp-json\/wp\/v2\/pages\/15865\/revisions\/18894"}],"wp:featuredmedia":[{"embeddable":true,"href":"https:\/\/www.docfinder.at\/wissensmagazin\/wp-json\/wp\/v2\/media\/15866"}],"wp:attachment":[{"href":"https:\/\/www.docfinder.at\/wissensmagazin\/wp-json\/wp\/v2\/media?parent=15865"}],"curies":[{"name":"wp","href":"https:\/\/api.w.org\/{rel}","templated":true}]}}