{"id":15661,"date":"2024-09-30T10:37:19","date_gmt":"2024-09-30T08:37:19","guid":{"rendered":"https:\/\/www.docfinder.at\/wissensmagazin\/?page_id=15661"},"modified":"2024-10-09T08:40:44","modified_gmt":"2024-10-09T06:40:44","slug":"psychologie","status":"publish","type":"page","link":"https:\/\/www.docfinder.at\/wissensmagazin\/psychologie\/","title":{"rendered":"Psychologie"},"content":{"rendered":"\n<div class=\"col-12 col-md-6 order-5 p-0 order-md-1 bg-light filter-content\">\n    <h1>Psychologie<\/h1>\n<p>Die Psychologie erforscht das Innenleben des Menschen \u2013 seine Gedanken, Gef\u00fchle und Verhaltensweisen. Dabei geht es darum, zu verstehen, welche inneren und \u00e4u\u00dferen Einfl\u00fcsse unsere Psyche pr\u00e4gen, wie sich diese im Laufe des Lebens ver\u00e4ndert und welche Rolle psychologische Aspekte in der medizinischen Versorgung spielen. Themen wie Depressionen, Angstst\u00f6rungen, Stressbew\u00e4ltigung und psychosomatische Erkrankungen stehen dabei im Fokus.Lesen Sie in unseren Artikeln, wie psychologische Ans\u00e4tze das Wohlbefinden verbessern und bei der Behandlung von Erkrankungen entscheidend sind.<\/p>\n<\/div>\n<div class=\"col-12 col-md-6 order-1 p-0 order-md-5 border-top border-primary border-2\">\n    <img decoding=\"async\" src=\"https:\/\/assets-ratgeber.docfinder.at\/uploads\/Psychologie.jpg\" class=\"img-fluid\" alt=\"Header Bild\">\n<\/div>\n","protected":false},"excerpt":{"rendered":"","protected":false},"author":16,"featured_media":15664,"parent":0,"menu_order":0,"comment_status":"closed","ping_status":"closed","template":"page-themenfilter.php","meta":{"_acf_changed":false,"footnotes":""},"class_list":["post-15661","page","type-page","status-publish","has-post-thumbnail","hentry"],"acf":[],"_links":{"self":[{"href":"https:\/\/www.docfinder.at\/wissensmagazin\/wp-json\/wp\/v2\/pages\/15661","targetHints":{"allow":["GET"]}}],"collection":[{"href":"https:\/\/www.docfinder.at\/wissensmagazin\/wp-json\/wp\/v2\/pages"}],"about":[{"href":"https:\/\/www.docfinder.at\/wissensmagazin\/wp-json\/wp\/v2\/types\/page"}],"author":[{"embeddable":true,"href":"https:\/\/www.docfinder.at\/wissensmagazin\/wp-json\/wp\/v2\/users\/16"}],"replies":[{"embeddable":true,"href":"https:\/\/www.docfinder.at\/wissensmagazin\/wp-json\/wp\/v2\/comments?post=15661"}],"version-history":[{"count":14,"href":"https:\/\/www.docfinder.at\/wissensmagazin\/wp-json\/wp\/v2\/pages\/15661\/revisions"}],"predecessor-version":[{"id":15799,"href":"https:\/\/www.docfinder.at\/wissensmagazin\/wp-json\/wp\/v2\/pages\/15661\/revisions\/15799"}],"wp:featuredmedia":[{"embeddable":true,"href":"https:\/\/www.docfinder.at\/wissensmagazin\/wp-json\/wp\/v2\/media\/15664"}],"wp:attachment":[{"href":"https:\/\/www.docfinder.at\/wissensmagazin\/wp-json\/wp\/v2\/media?parent=15661"}],"curies":[{"name":"wp","href":"https:\/\/api.w.org\/{rel}","templated":true}]}}