{"id":15353,"date":"2024-07-31T10:37:33","date_gmt":"2024-07-31T08:37:33","guid":{"rendered":"https:\/\/www.docfinder.at\/wissensmagazin\/?page_id=15353"},"modified":"2025-02-24T11:06:13","modified_gmt":"2025-02-24T10:06:13","slug":"medikamente","status":"publish","type":"page","link":"https:\/\/www.docfinder.at\/wissensmagazin\/medikamente\/","title":{"rendered":"Medikamente"},"content":{"rendered":"\n<div class=\"col-12 col-md-6 order-5 p-0 order-md-1 bg-light filter-content\">\n    <h1>Medikamente<\/h1>\n<p>Auf unserer Seite finden Sie umfassende Informationen und Ratgeberartikel rund um das Thema Medikamente. Wir bieten Ihnen fundiertes Wissen \u00fcber die verschiedenen Arten von Medikamenten, ihre Wirkstoffe und deren Wirkungsweise. Sie lernen, wie Sie m\u00f6gliche Nebenwirkungen erkennen und vermeiden sowie wichtige Hinweise zur Aufbewahrung und Entsorgung.<\/p>\n<p>Unsere Artikel helfen Ihnen, ein besseres Verst\u00e4ndnis f\u00fcr die sichere Anwendung von Medikamenten zu entwickeln und informieren Sie \u00fcber aktuelle Forschungsergebnisse und Entwicklungen im Bereich der Pharmazie.<\/p>\n<\/div>\n<div class=\"col-12 col-md-6 order-1 p-0 order-md-5 border-top border-primary border-2\">\n    <img decoding=\"async\" src=\"https:\/\/assets-ratgeber.docfinder.at\/uploads\/Medikamente-Uebersicht.jpg\" class=\"img-fluid\" alt=\"Header Bild\">\n<\/div>\n","protected":false},"excerpt":{"rendered":"","protected":false},"author":37,"featured_media":15361,"parent":0,"menu_order":0,"comment_status":"closed","ping_status":"closed","template":"page-themenfilter.php","meta":{"_acf_changed":false,"footnotes":""},"class_list":["post-15353","page","type-page","status-publish","has-post-thumbnail","hentry"],"acf":[],"_links":{"self":[{"href":"https:\/\/www.docfinder.at\/wissensmagazin\/wp-json\/wp\/v2\/pages\/15353","targetHints":{"allow":["GET"]}}],"collection":[{"href":"https:\/\/www.docfinder.at\/wissensmagazin\/wp-json\/wp\/v2\/pages"}],"about":[{"href":"https:\/\/www.docfinder.at\/wissensmagazin\/wp-json\/wp\/v2\/types\/page"}],"author":[{"embeddable":true,"href":"https:\/\/www.docfinder.at\/wissensmagazin\/wp-json\/wp\/v2\/users\/37"}],"replies":[{"embeddable":true,"href":"https:\/\/www.docfinder.at\/wissensmagazin\/wp-json\/wp\/v2\/comments?post=15353"}],"version-history":[{"count":21,"href":"https:\/\/www.docfinder.at\/wissensmagazin\/wp-json\/wp\/v2\/pages\/15353\/revisions"}],"predecessor-version":[{"id":16273,"href":"https:\/\/www.docfinder.at\/wissensmagazin\/wp-json\/wp\/v2\/pages\/15353\/revisions\/16273"}],"wp:featuredmedia":[{"embeddable":true,"href":"https:\/\/www.docfinder.at\/wissensmagazin\/wp-json\/wp\/v2\/media\/15361"}],"wp:attachment":[{"href":"https:\/\/www.docfinder.at\/wissensmagazin\/wp-json\/wp\/v2\/media?parent=15353"}],"curies":[{"name":"wp","href":"https:\/\/api.w.org\/{rel}","templated":true}]}}