{"id":15085,"date":"2024-06-03T10:53:51","date_gmt":"2024-06-03T08:53:51","guid":{"rendered":"https:\/\/www.docfinder.at\/wissensmagazin\/?page_id=15085"},"modified":"2025-06-23T13:42:45","modified_gmt":"2025-06-23T11:42:45","slug":"frauengesundheit","status":"publish","type":"page","link":"https:\/\/www.docfinder.at\/wissensmagazin\/frauengesundheit\/","title":{"rendered":"Frauengesundheit"},"content":{"rendered":"\n<div class=\"col-12 col-md-6 order-5 p-0 order-md-1 bg-light filter-content\">\n    <h1>Frauengesundheit<\/h1>\n<p>Frauengesundheit umfasst alle wichtigen Aspekte, die das Wohlbefinden von Frauen betreffen. Dazu geh\u00f6ren Themen wie Menstruation, Schwangerschaft, Wechseljahre, sexuelle Gesundheit und Vorsorgeuntersuchungen. Regelm\u00e4\u00dfige \u00e4rztliche Kontrollen und eine ausgewogene Lebensweise tragen wesentlich zur Pr\u00e4vention und Fr\u00fcherkennung von Krankheiten bei.<\/p>\n<\/div>\n<div class=\"col-12 col-md-6 order-1 p-0 order-md-5 border-top border-primary border-2\">\n    <img decoding=\"async\" src=\"https:\/\/assets-ratgeber.docfinder.at\/uploads\/Frauengesundheit.jpg\" class=\"img-fluid\" alt=\"Header Bild\">\n<\/div>\n","protected":false},"excerpt":{"rendered":"","protected":false},"author":16,"featured_media":15105,"parent":0,"menu_order":0,"comment_status":"closed","ping_status":"closed","template":"page-themenfilter.php","meta":{"_acf_changed":false,"footnotes":""},"class_list":["post-15085","page","type-page","status-publish","has-post-thumbnail","hentry"],"acf":[],"_links":{"self":[{"href":"https:\/\/www.docfinder.at\/wissensmagazin\/wp-json\/wp\/v2\/pages\/15085","targetHints":{"allow":["GET"]}}],"collection":[{"href":"https:\/\/www.docfinder.at\/wissensmagazin\/wp-json\/wp\/v2\/pages"}],"about":[{"href":"https:\/\/www.docfinder.at\/wissensmagazin\/wp-json\/wp\/v2\/types\/page"}],"author":[{"embeddable":true,"href":"https:\/\/www.docfinder.at\/wissensmagazin\/wp-json\/wp\/v2\/users\/16"}],"replies":[{"embeddable":true,"href":"https:\/\/www.docfinder.at\/wissensmagazin\/wp-json\/wp\/v2\/comments?post=15085"}],"version-history":[{"count":21,"href":"https:\/\/www.docfinder.at\/wissensmagazin\/wp-json\/wp\/v2\/pages\/15085\/revisions"}],"predecessor-version":[{"id":17428,"href":"https:\/\/www.docfinder.at\/wissensmagazin\/wp-json\/wp\/v2\/pages\/15085\/revisions\/17428"}],"wp:featuredmedia":[{"embeddable":true,"href":"https:\/\/www.docfinder.at\/wissensmagazin\/wp-json\/wp\/v2\/media\/15105"}],"wp:attachment":[{"href":"https:\/\/www.docfinder.at\/wissensmagazin\/wp-json\/wp\/v2\/media?parent=15085"}],"curies":[{"name":"wp","href":"https:\/\/api.w.org\/{rel}","templated":true}]}}