{"id":14826,"date":"2024-05-06T11:56:56","date_gmt":"2024-05-06T09:56:56","guid":{"rendered":"https:\/\/www.docfinder.at\/wissensmagazin\/?page_id=14826"},"modified":"2024-05-13T09:45:50","modified_gmt":"2024-05-13T07:45:50","slug":"allergien","status":"publish","type":"page","link":"https:\/\/www.docfinder.at\/wissensmagazin\/allergien\/","title":{"rendered":"Allergien"},"content":{"rendered":"\n<div class=\"col-12 col-md-6 order-5 p-0 order-md-1 bg-light filter-content\">\n    <h1>Allergien<\/h1>\n<p>Eine Allergie ist eine \u00dcberreaktion des Immunsystems auf an sich harmlose Substanzen wie Pollen, Tierhaare oder bestimmte Lebensmittel. Allergiesymptome k\u00f6nnen vielf\u00e4ltig sein und in ihrer Schwere stark variieren, wobei besonders h\u00e4ufig Augen und Nase betroffen sind. Es ist wichtig, die Ausl\u00f6ser zu kennen, um Allergien effektiv behandeln\u00a0 zu k\u00f6nnen. Lesen Sie in unserem Artikel alles \u00fcber verschiedene Allergie-Arten, Symptome, Diagnoseverfahren und die effektivsten Behandlungsm\u00f6glichkeiten.<\/p>\n<\/div>\n<div class=\"col-12 col-md-6 order-1 p-0 order-md-5 border-top border-primary border-2\">\n    <img decoding=\"async\" src=\"https:\/\/assets-ratgeber.docfinder.at\/uploads\/Allergien-Uebersicht.jpg\" class=\"img-fluid\" alt=\"Header Bild\">\n<\/div>\n","protected":false},"excerpt":{"rendered":"","protected":false},"author":16,"featured_media":14830,"parent":0,"menu_order":0,"comment_status":"closed","ping_status":"closed","template":"page-themenfilter.php","meta":{"_acf_changed":false,"footnotes":""},"class_list":["post-14826","page","type-page","status-publish","has-post-thumbnail","hentry"],"acf":[],"_links":{"self":[{"href":"https:\/\/www.docfinder.at\/wissensmagazin\/wp-json\/wp\/v2\/pages\/14826","targetHints":{"allow":["GET"]}}],"collection":[{"href":"https:\/\/www.docfinder.at\/wissensmagazin\/wp-json\/wp\/v2\/pages"}],"about":[{"href":"https:\/\/www.docfinder.at\/wissensmagazin\/wp-json\/wp\/v2\/types\/page"}],"author":[{"embeddable":true,"href":"https:\/\/www.docfinder.at\/wissensmagazin\/wp-json\/wp\/v2\/users\/16"}],"replies":[{"embeddable":true,"href":"https:\/\/www.docfinder.at\/wissensmagazin\/wp-json\/wp\/v2\/comments?post=14826"}],"version-history":[{"count":26,"href":"https:\/\/www.docfinder.at\/wissensmagazin\/wp-json\/wp\/v2\/pages\/14826\/revisions"}],"predecessor-version":[{"id":14997,"href":"https:\/\/www.docfinder.at\/wissensmagazin\/wp-json\/wp\/v2\/pages\/14826\/revisions\/14997"}],"wp:featuredmedia":[{"embeddable":true,"href":"https:\/\/www.docfinder.at\/wissensmagazin\/wp-json\/wp\/v2\/media\/14830"}],"wp:attachment":[{"href":"https:\/\/www.docfinder.at\/wissensmagazin\/wp-json\/wp\/v2\/media?parent=14826"}],"curies":[{"name":"wp","href":"https:\/\/api.w.org\/{rel}","templated":true}]}}