{"id":13892,"date":"2024-03-19T13:40:52","date_gmt":"2024-03-19T12:40:52","guid":{"rendered":"https:\/\/www.docfinder.at\/wissensmagazin\/?page_id=13892"},"modified":"2024-04-02T09:41:34","modified_gmt":"2024-04-02T07:41:34","slug":"kindergesundheit","status":"publish","type":"page","link":"https:\/\/www.docfinder.at\/wissensmagazin\/kindergesundheit\/","title":{"rendered":"Kindergesundheit"},"content":{"rendered":"\n<p><\/p>\n\n\n\n<div class=\"col-12 col-md-6 order-5 p-0 order-md-1 bg-light filter-content\">\n    <div class=\"flex flex-grow flex-col max-w-full\">\n<div class=\"min-h-[20px] text-message flex flex-col items-start gap-3 whitespace-pre-wrap break-words [.text-message+&amp;]:mt-5 overflow-x-auto\" data-message-author-role=\"assistant\" data-message-id=\"66ecb8bd-75de-4ca6-96b5-893fd753b9e0\">\n<div class=\"markdown prose w-full break-words dark:prose-invert light\">\n<h1><strong>Kindergesundheit<\/strong><\/h1>\n<p>Das DocFinder-Wissensmagazin bietet einen umfassenden \u00dcberblick zum Thema Kindergesundheit. In unseren Artikeln erhalten Sie Informationen zu den h\u00e4ufigsten Kinderkrankheiten, Impfungen, aber auch zur psychischen Gesundheit oder Lern- und Entwicklungsst\u00f6rungen. Dar\u00fcber hinaus erhalten Sie wertvolle Einblicke in aktuelle Forschungstrends und innovative Therapieans\u00e4tze.<\/p>\n<\/div>\n<\/div>\n<\/div>\n<\/div>\n<div class=\"col-12 col-md-6 order-1 p-0 order-md-5 border-top border-primary border-2\">\n    <img decoding=\"async\" src=\"https:\/\/assets-ratgeber.docfinder.at\/uploads\/Kindergesundheit.jpg\" class=\"img-fluid\" alt=\"Header Bild\">\n<\/div>\n","protected":false},"excerpt":{"rendered":"","protected":false},"author":16,"featured_media":13932,"parent":0,"menu_order":0,"comment_status":"closed","ping_status":"closed","template":"page-themenfilter.php","meta":{"_acf_changed":false,"footnotes":""},"class_list":["post-13892","page","type-page","status-publish","has-post-thumbnail","hentry"],"acf":[],"_links":{"self":[{"href":"https:\/\/www.docfinder.at\/wissensmagazin\/wp-json\/wp\/v2\/pages\/13892","targetHints":{"allow":["GET"]}}],"collection":[{"href":"https:\/\/www.docfinder.at\/wissensmagazin\/wp-json\/wp\/v2\/pages"}],"about":[{"href":"https:\/\/www.docfinder.at\/wissensmagazin\/wp-json\/wp\/v2\/types\/page"}],"author":[{"embeddable":true,"href":"https:\/\/www.docfinder.at\/wissensmagazin\/wp-json\/wp\/v2\/users\/16"}],"replies":[{"embeddable":true,"href":"https:\/\/www.docfinder.at\/wissensmagazin\/wp-json\/wp\/v2\/comments?post=13892"}],"version-history":[{"count":57,"href":"https:\/\/www.docfinder.at\/wissensmagazin\/wp-json\/wp\/v2\/pages\/13892\/revisions"}],"predecessor-version":[{"id":16979,"href":"https:\/\/www.docfinder.at\/wissensmagazin\/wp-json\/wp\/v2\/pages\/13892\/revisions\/16979"}],"wp:featuredmedia":[{"embeddable":true,"href":"https:\/\/www.docfinder.at\/wissensmagazin\/wp-json\/wp\/v2\/media\/13932"}],"wp:attachment":[{"href":"https:\/\/www.docfinder.at\/wissensmagazin\/wp-json\/wp\/v2\/media?parent=13892"}],"curies":[{"name":"wp","href":"https:\/\/api.w.org\/{rel}","templated":true}]}}