{"id":13591,"date":"2024-02-23T16:52:12","date_gmt":"2024-02-23T15:52:12","guid":{"rendered":"https:\/\/www.docfinder.at\/wissensmagazin\/?page_id=13591"},"modified":"2025-01-22T12:07:23","modified_gmt":"2025-01-22T11:07:23","slug":"business-arzt-online-buchungsbutton","status":"publish","type":"page","link":"https:\/\/www.docfinder.at\/wissensmagazin\/business-arzt-online-buchungsbutton\/","title":{"rendered":"Business"},"content":{"rendered":"<header class=\"wp-block-group is-layout-constrained wp-block-group-is-layout-constrained\">\n    <div class=\"wp-block-group__inner-container hero section\" style=\"background-image:url(https:\/\/assets-ratgeber.docfinder.at\/uploads\/Woman_ipad_p-2.png);\">\n        <div class=\"container\">\n            <div class=\"row m-0\">\n                <div class=\"col-12 order-2 order-md-1 col-md-9 gradient px-5 pe-5\">\n                    <p class=\"small\"><span class=\"badge\">NEU<\/span> Online Termin-Buchungsbutton<\/p>\n                    <h1>Online Termin-Buchungsbutton<br \/>\num nur \u20ac 39,- monatlich<\/h1>\n<p>Patient:innen sch\u00e4tzen besonders \u00c4rzte und \u00c4rztinnen, die auf www.docfinder.at Online-Termine mittels Buchungsbutton anbieten.<\/p>\n<div class=\"wp-block-button mobile\"><a class=\"wp-block-button__link wp-element-button\" style=\"border-radius: 5px;\" href=\"https:\/\/www.docfinder.at\/business\/arzt\/order-form\/?product_id=2464\" target=\"_blank\" rel=\"noreferrer noopener\">JETZT BUCHUNGSBUTTON BESTELLEN<\/a><\/div>\n                <\/div>\n                <div class=\"col-12 order-1 order-md-2 info-1 shadow-sm mb-5 pt-5 rounded bg-blue\">\n                    <div class=\"row\">\n                        <div class=\"col-12 col-md-4 p-0\">\n                            <div class=\"col-12 text-center\">\n                                <img decoding=\"async\" src=\"https:\/\/www.docfinder.at\/wissensmagazin\/wp-content\/themes\/docfinder-wm-theme\/assets\/img\/10-Jahre-DocFinder-Sticker.png\"\n                                    alt=\"10-Jahre-DocFinder-Sticker\">\n                            <\/div>\n                            <div class=\"col-1\">\n                                <div class=\"vr\"><\/div>\n                            <\/div>\n                        <\/div>\n                        <div class=\"col-12 col-md-8 p-0\">\n                            <div class=\"row\">\n                                <div class=\"col-6 col-sm-4 text-center\">\n                                    <p class=\"info-nr\">6MIO+<\/p>\n                                    <p class=\"info-txt\">Patientenanfragen<\/p>\n                                    <p class=\"info-txt-sm\">pro Monat<\/p>\n                                <\/div>\n                                <div class=\"col-6 col-sm-4 text-center\">\n                                    <p class=\"info-nr\">1.5MIO<\/p>\n                                    <p class=\"info-txt\">Patientenbesuche<\/p>\n                                    <p class=\"info-txt-sm\">pro Monat<\/p>\n                                <\/div>\n                                <div class=\"col-12 col-sm-4 text-center\">\n                                    <p class=\"info-nr\">96%<\/p>\n                                    <p class=\"info-txt\">Zugriffe<\/p>\n                                    <p class=\"info-txt-sm\">aus \u00d6sterreich<\/p>\n                                <\/div>\n                            <\/div>\n                        <\/div>\n                    <\/div>\n                <\/div>\n            <\/div>\n        <\/div>\n    <\/div>\n<\/header>\n\n\n<div class=\"wp-block-group has-white-background-color has-background\"><div class=\"wp-block-group__inner-container is-layout-constrained wp-block-group-is-layout-constrained\">\n<div class=\"wp-block-columns container is-layout-flex wp-container-core-columns-is-layout-9d6595d7 wp-block-columns-is-layout-flex\">\n<div class=\"wp-block-column is-layout-flow wp-block-column-is-layout-flow\">\n<figure class=\"wp-block-image size-full\"><img loading=\"lazy\" decoding=\"async\" width=\"464\" height=\"476\" src=\"https:\/\/assets-ratgeber.docfinder.at\/uploads\/shutterstock_1927730144.png\" alt=\"\" class=\"wp-image-13606\" srcset=\"https:\/\/assets-ratgeber.docfinder.at\/uploads\/shutterstock_1927730144.png 464w, https:\/\/assets-ratgeber.docfinder.at\/uploads\/shutterstock_1927730144-292x300.png 292w, https:\/\/assets-ratgeber.docfinder.at\/uploads\/shutterstock_1927730144-253x260.png 253w, https:\/\/assets-ratgeber.docfinder.at\/uploads\/shutterstock_1927730144-97x100.png 97w\" sizes=\"auto, (max-width: 464px) 100vw, 464px\" \/><\/figure>\n<\/div>\n\n\n\n<div class=\"wp-block-column d-flex align-items-center is-layout-flow wp-block-column-is-layout-flow\">\n<div class=\"wp-block-group\"><div class=\"wp-block-group__inner-container is-layout-constrained wp-block-group-is-layout-constrained\">\n<h2 class=\"wp-block-heading\" id=\"h-termine-vergeben-wo-patient-innen-danach-suchen\">Termine vergeben, wo Patient:innen danach suchen<\/h2>\n\n\n\n<p>Wussten Sie, dass \u00fcber 60% der Patient:innen ihren Termin gleich online buchen, sowie au\u00dferhalb der \u00fcblichen \u00d6ffnungszeiten vereinbaren wollen? Reduzieren Sie administrativen Aufwand und binden Sie ihre Termin-Management-L\u00f6sung an.<\/p>\n\n\n\n<div class=\"wp-block-buttons is-content-justification-left is-nowrap is-layout-flex wp-container-core-buttons-is-layout-6447b855 wp-block-buttons-is-layout-flex\">\n<div class=\"wp-block-button\"><a class=\"wp-block-button__link has-text-align-left wp-element-button\" href=\"https:\/\/www.docfinder.at\/business\/arzt\/order-form\/?product_id=2464\" style=\"border-radius:5px\" target=\"_blank\" rel=\"noreferrer noopener\">JETZT BESTELLEN<\/a><\/div>\n<\/div>\n<\/div><\/div>\n<\/div>\n<\/div>\n<\/div><\/div>\n\n\n\n<div class=\"wp-block-group has-background\" style=\"background-color:#f8f9fa\"><div class=\"wp-block-group__inner-container is-layout-constrained wp-block-group-is-layout-constrained\">\n<div class=\"wp-block-columns container is-layout-flex wp-container-core-columns-is-layout-9d6595d7 wp-block-columns-is-layout-flex\">\n<div class=\"wp-block-column is-layout-flow wp-block-column-is-layout-flow\">\n<h2 class=\"wp-block-heading\" id=\"h-produktvorteile\">Produktvorteile<\/h2>\n\n\n\n<p>Online Termin-Buchungsbutton &#8211; um nur \u20ac 39,- monatlich.<br>Binden Sie ihre bestehende Online Termin-Management-L\u00f6sung an DocFinder an.<\/p>\n\n\n\n<ul class=\"wp-block-list\">\n<li>Jede Online Termin-Management-L\u00f6sung anbindbar<\/li>\n\n\n\n<li>24\/7 Erreichbarkeit<\/li>\n\n\n\n<li>Anzeige des Eintrages bei Filterung nach Online Terminen<\/li>\n\n\n\n<li>Anbindung durch unser Service-Team<\/li>\n\n\n\n<li>Patient:innen bevorzugen \u00c4rzt:innen&nbsp;mit Online Termin-Buchungsbutton auf DocFinder<\/li>\n\n\n\n<li>12 Monate Laufzeit<\/li>\n<\/ul>\n<\/div>\n\n\n\n<div class=\"wp-block-column is-layout-flow wp-block-column-is-layout-flow\">\n<figure class=\"wp-block-image size-full\"><img loading=\"lazy\" decoding=\"async\" width=\"600\" height=\"677\" src=\"https:\/\/assets-ratgeber.docfinder.at\/uploads\/DocFinder-Termin-buchen.png\" alt=\"\" class=\"wp-image-13608\" srcset=\"https:\/\/assets-ratgeber.docfinder.at\/uploads\/DocFinder-Termin-buchen.png 600w, https:\/\/assets-ratgeber.docfinder.at\/uploads\/DocFinder-Termin-buchen-266x300.png 266w, https:\/\/assets-ratgeber.docfinder.at\/uploads\/DocFinder-Termin-buchen-230x260.png 230w, https:\/\/assets-ratgeber.docfinder.at\/uploads\/DocFinder-Termin-buchen-89x100.png 89w\" sizes=\"auto, (max-width: 600px) 100vw, 600px\" \/><\/figure>\n<\/div>\n<\/div>\n\n\n\n<div class=\"wp-block-buttons is-content-justification-center is-layout-flex wp-container-core-buttons-is-layout-16018d1d wp-block-buttons-is-layout-flex\">\n<div class=\"wp-block-button\"><a class=\"wp-block-button__link has-text-align-center wp-element-button\" href=\"https:\/\/www.docfinder.at\/business\/arzt\/order-form\/?product_id=2464\" style=\"border-radius:5px\" target=\"_blank\" rel=\"noreferrer noopener\">JETZT BESTELLEN<\/a><\/div>\n<\/div>\n<\/div><\/div>\n\n\n\n<div class=\"wp-block-group has-white-background-color has-background\"><div class=\"wp-block-group__inner-container is-layout-constrained wp-block-group-is-layout-constrained\">\n<div class=\"wp-block-columns container is-layout-flex wp-container-core-columns-is-layout-9d6595d7 wp-block-columns-is-layout-flex\">\n<div class=\"wp-block-column is-layout-flow wp-block-column-is-layout-flow\"><div class=\"wp-block-image\">\n<figure class=\"aligncenter size-full\"><img loading=\"lazy\" decoding=\"async\" width=\"49\" height=\"48\" src=\"https:\/\/assets-ratgeber.docfinder.at\/uploads\/icon_browser.png\" alt=\"\" class=\"wp-image-13624\"\/><\/figure>\n<\/div>\n\n\n<h3 class=\"wp-block-heading has-text-align-center mt-4\" id=\"h-einfache-integration\">Einfache Integration<\/h3>\n\n\n\n<p class=\"has-text-align-center\">Ihre Online Termin-Management-L\u00f6sung wird mittels Link im Online Termin-Buchungsbutton hinterlegt.<\/p>\n<\/div>\n\n\n\n<div class=\"wp-block-column is-layout-flow wp-block-column-is-layout-flow\"><div class=\"wp-block-image\">\n<figure class=\"aligncenter size-full\"><img loading=\"lazy\" decoding=\"async\" width=\"49\" height=\"48\" src=\"https:\/\/assets-ratgeber.docfinder.at\/uploads\/icons-datensicherheit.png\" alt=\"\" class=\"wp-image-13625\"\/><\/figure>\n<\/div>\n\n\n<h3 class=\"wp-block-heading has-text-align-center mt-4\" id=\"h-datenschutz-datensicherheit\">Datenschutz &amp; Datensicherheit<\/h3>\n\n\n\n<p class=\"has-text-align-center\">DocFinder garantiert h\u00f6chste<br>Sicherheitsstandards und Datenschutz<br>f\u00fcr Ihre Patienten- und Gesundheitsdaten, <br>die immer und ausschlie\u00dflich in Ihrem<br>Eigentum verbleiben.<\/p>\n<\/div>\n<\/div>\n<\/div><\/div>\n\n\n\n<div class=\"wp-block-group has-background\" style=\"background-color:#008ad3\"><div class=\"wp-block-group__inner-container is-layout-constrained wp-block-group-is-layout-constrained\">\n<h3 class=\"wp-block-heading has-text-align-left container mb-5 has-white-color has-text-color has-link-color wp-elements-714228b63e0bce995667158dc60236c4\" id=\"h-unsere-arzte-sagen\">Unsere \u00c4rzte sagen:<\/h3>\n\n\n\n<div class=\"wp-block-columns container pt-2 is-layout-flex wp-container-core-columns-is-layout-9d6595d7 wp-block-columns-is-layout-flex\">\n<div class=\"wp-block-column is-layout-flow wp-block-column-is-layout-flow\" style=\"flex-basis:25%\"><div class=\"wp-block-image\">\n<figure class=\"aligncenter size-full\"><img loading=\"lazy\" decoding=\"async\" width=\"217\" height=\"216\" src=\"https:\/\/assets-ratgeber.docfinder.at\/uploads\/Dr-Birgit-Mayr.png\" alt=\"Dr. Birgit Mayr\" class=\"wp-image-13611\" srcset=\"https:\/\/assets-ratgeber.docfinder.at\/uploads\/Dr-Birgit-Mayr.png 217w, https:\/\/assets-ratgeber.docfinder.at\/uploads\/Dr-Birgit-Mayr-150x150.png 150w, https:\/\/assets-ratgeber.docfinder.at\/uploads\/Dr-Birgit-Mayr-100x100.png 100w\" sizes=\"auto, (max-width: 217px) 100vw, 217px\" \/><\/figure>\n<\/div><\/div>\n\n\n\n<div class=\"wp-block-column pt-5 is-layout-flow wp-block-column-is-layout-flow\" style=\"flex-basis:75%\">\n<p class=\"has-white-color has-text-color has-link-color wp-elements-3d21db876c4977f40b104d186c4f4614\">Dr. Birgit Mayr<mark style=\"background-color:rgba(0, 0, 0, 0);color:#98d0ed\" class=\"has-inline-color\">, Allgemeinmedizinerin<\/mark><\/p>\n\n\n\n<p class=\"has-white-color has-text-color has-link-color wp-elements-7b98f11ac3a99f0f4ce14d870933de2f\">&#8220;DocFinder ist der seri\u00f6seste und zielf\u00fchrendste Internet-<br>Auftritt f\u00fcr \u00c4rzte, den ich nur w\u00e4rmstens weiterempfehlen<br>kann!\u201c<\/p>\n<\/div>\n<\/div>\n<\/div><\/div>\n\n\n\n<div class=\"wp-block-group has-background\" style=\"background-color:#f5fbff\"><div class=\"wp-block-group__inner-container is-layout-constrained wp-block-group-is-layout-constrained\">\n<div class=\"wp-block-columns container is-layout-flex wp-container-core-columns-is-layout-9d6595d7 wp-block-columns-is-layout-flex\">\n<div class=\"wp-block-column is-layout-flow wp-block-column-is-layout-flow\"><\/div>\n\n\n\n<div class=\"wp-block-column is-layout-flow wp-block-column-is-layout-flow\"><\/div>\n<\/div>\n\n\n\n<div class=\"wp-block-group is-layout-constrained wp-block-group-is-layout-constrained\">\n    <div class=\"wp-block-group__inner-container\">\n        <div class=\"container\">\n            <div class=\"col-12 col-md-8 mx-auto\">\n                                    <h2 class=\"text-center mb-2\">Online Termin-Buchungsbutton<\/h2>\n                \n                                    <p class=\"text-center pb-4\">Sie haben Fragen? Gerne beraten wir Sie auch telefonisch unter 01 \/ 548 00 77<\/p>\n                            <\/div>\n            <div class=\"mx-auto\" style=\"max-width: 448px;\">\n                <div class=\"teaserbox\">\n                                            <div class=\"month-badge\">\n                            <span> Jetzt <strong>Button<\/strong> aktivieren<\/span>                        <\/div>\n                                                                <h3 class=\"text-center hl\">Termin-Buchungsbutton<\/h3>\n                                                                <div class=\"text-center price py-0\">\n                            <div class=\"text-center price py-0\">\r\n<sup class=\"price-sm\">\u20ac<\/sup><span class=\"price-xl mx-2\">39,-<\/span><span class=\"price-sm\">\/Monat<\/span>\r\n<\/div>                        <\/div>\n                                                                <div class=\"text-center p-4\">\n                            <p style=\"text-align: center; padding: 0 1.25rem;\">Reduzieren Sie administrativen Aufwand, kombinieren Sie Ihre Online Termin-Management-L\u00f6sung mit dem gr\u00f6\u00dften Gesundheitsportal \u00d6sterreichs.<\/p>\n<div class=\"wp-block-button\" style=\"text-align: center;\"><a class=\"wp-block-button__link wp-element-button\" style=\"border-radius: 5px;\" href=\"https:\/\/www.docfinder.at\/business\/arzt\/order-form\/?product_id=2464\" target=\"_blank\" rel=\"noreferrer noopener\">JETZT ONLINE TERMIN-BUCHUNGSBUTTON AKTIVIEREN<\/a><\/div>\n                        <\/div>\n                                                                <div class=\"list\">\n                            <ul>\n<li>Jede Online Termin-Management-L\u00f6sung anbindbar<\/li>\n<li>24\/7 Erreichbarkeit<\/li>\n<li>Anzeige des Eintrages bei Filterung nach Online Terminen<\/li>\n<li>Anbindung durch unser Service-Team<\/li>\n<li>Patient:innen bevorzugen \u00c4rzt:innen mit Online Termin-Buchungsbutton auf DocFinder<\/li>\n<\/ul>\n                        <\/div>\n                                    <\/div>\n                <div class=\"col-12 text-end price-info mt-2\">Preise zzgl. MwSt.<\/div>\n            <\/div>\n        <\/div>\n    <\/div>\n<\/div><\/div><\/div>\n\n\n\n<div class=\"wp-block-group has-background is-layout-constrained wp-block-group-is-layout-constrained\">\n    <div class=\"wp-block-group__inner-container\">\n        <div class=\"container\">\n            <p class=\"text-center info\">FAQ zum Online Termin-Buchungsbutton<\/p>\n            <h2 class=\"text-center\">Antworten auf h\u00e4ufig gestellte Fragen<\/h2>\n            <div class=\"accordion accordion-flush\" id=\"accordionPanel\">\n            \n                                    <div class=\"accordion-item\">\n                        <h2 class=\"accordion-header\" id=\"heading0\">\n                            <button class=\"accordion-button collapsed\" type=\"button\" data-bs-toggle=\"collapse\" data-bs-target=\"#collapse0\" aria-expanded=\"false\" aria-controls=\"collapse0\">\n                            Ben\u00f6tige ich einen DocFinder Premium-Eintrag, um den Online Termin-Buchungsbutton bestellen zu k\u00f6nnen?                            <\/button>\n                        <\/h2>\n                        <div id=\"collapse0\" class=\"accordion-collapse collapse\" aria-labelledby=\"heading0\" data-bs-parent=\"#accordionPanel\">\n                            <div class=\"accordion-body\">\n                                <p>Nein, Sie k\u00f6nnen den Online Termin-Buchungsbutton auch unabh\u00e4ngig von der Buchung eines DocFinder Premium-Eintrags bestellen. Die Anzeige des Eintrages bei Filterung nach Online Terminen wird dann vorgesehen.<\/p>\n                            <\/div>\n                        <\/div>\n                    <\/div>\n                                    <div class=\"accordion-item\">\n                        <h2 class=\"accordion-header\" id=\"heading1\">\n                            <button class=\"accordion-button collapsed\" type=\"button\" data-bs-toggle=\"collapse\" data-bs-target=\"#collapse1\" aria-expanded=\"false\" aria-controls=\"collapse1\">\n                            Wie wird mein Termin-Managementsystem an DocFinder angebunden?                            <\/button>\n                        <\/h2>\n                        <div id=\"collapse1\" class=\"accordion-collapse collapse\" aria-labelledby=\"heading1\" data-bs-parent=\"#accordionPanel\">\n                            <div class=\"accordion-body\">\n                                <p>Unser Service-Team k\u00fcmmert sich um alles f\u00fcr Sie.<\/p>\n<ul>\n<li>Nach der Bestellung des Online Termin-Buchungsbuttons senden Sie unseren Mitarbeiter:innen den Link zu Ihrer Online-Terminbuchungsseite<\/li>\n<li>Unser Team hinterlegt dann diesen Link im Profil<\/li>\n<li>Anschlie\u00dfend scheinen Sie in der Suche als Online buchbar auf<\/li>\n<\/ul>\n                            <\/div>\n                        <\/div>\n                    <\/div>\n                                    <div class=\"accordion-item\">\n                        <h2 class=\"accordion-header\" id=\"heading2\">\n                            <button class=\"accordion-button collapsed\" type=\"button\" data-bs-toggle=\"collapse\" data-bs-target=\"#collapse2\" aria-expanded=\"false\" aria-controls=\"collapse2\">\n                            Was f\u00fcr einen Link muss ich DocFinder zur Verf\u00fcgung stellen?                            <\/button>\n                        <\/h2>\n                        <div id=\"collapse2\" class=\"accordion-collapse collapse\" aria-labelledby=\"heading2\" data-bs-parent=\"#accordionPanel\">\n                            <div class=\"accordion-body\">\n                                <p>Wir stellen Ihnen lediglich die Verlinkung zu Ihrer Terminl\u00f6sung auf Ihrem Eintrag am DocFinder-Portal zur Verf\u00fcgung. Die Webadresse der zu verlinkenden Webpage des Terminbuchungstools haben Sie zur Verf\u00fcgung zu stellen. Sie garantieren uns uneingeschr\u00e4nkt befugt zu sein, zu einer Verlinkung auf die Webpage Ihres Terminbuchungstools berechtigt zu sein und dass dadurch keine Rechte Dritter verletzt werden. Au\u00dferdem garantieren Sie uns, dass sie darauf achten, dass Termine online verf\u00fcgbar sind. Ansonsten kann der Button wieder entfernt werden.<\/p>\n                            <\/div>\n                        <\/div>\n                    <\/div>\n                                    \n                        <\/div>\n        <\/div>\n    <\/div>\n<\/div>\n\n\n<div class=\"wp-block-group has-background\" style=\"background-color:#3b3c74\"><div class=\"wp-block-group__inner-container is-layout-constrained wp-block-group-is-layout-constrained\">\n<h2 class=\"wp-block-heading container has-white-color has-text-color has-link-color wp-elements-b419ac51bef09b5780ad1b981cdf4b2e\" id=\"h-profitieren-sie-von-unserer-grossen-reichweite-und-ihrer-bestehenden-online-termin-management-losung\" style=\"font-size:32px\">Profitieren Sie von unserer gro\u00dfen Reichweite und Ihrer bestehenden Online Termin-Management-L\u00f6sung.<\/h2>\n\n\n\n<div class=\"wp-block-buttons container is-content-justification-right is-nowrap is-layout-flex wp-container-core-buttons-is-layout-f5f3ae2a wp-block-buttons-is-layout-flex\">\n<div class=\"wp-block-button\"><a class=\"wp-block-button__link has-white-background-color has-text-color has-background has-link-color has-text-align-right wp-element-button\" href=\"https:\/\/www.docfinder.at\/business\/arzt\/order-form\/?product_id=2464\" style=\"border-radius:5px;color:#00adbb\" target=\"_blank\" rel=\"noreferrer noopener\">JETZT BESTELLEN<\/a><\/div>\n<\/div>\n<\/div><\/div>\n","protected":false},"excerpt":{"rendered":"<p>Termine vergeben, wo Patient:innen danach suchen Wussten Sie, dass \u00fcber 60% der Patient:innen ihren Termin gleich online buchen, sowie au\u00dferhalb der \u00fcblichen \u00d6ffnungszeiten vereinbaren wollen? Reduzieren Sie administrativen Aufwand und binden Sie ihre Termin-Management-L\u00f6sung an. Produktvorteile Online Termin-Buchungsbutton &#8211; um nur \u20ac 39,- monatlich.Binden Sie ihre bestehende Online Termin-Management-L\u00f6sung an DocFinder an. Einfache Integration Ihre [&hellip;]<\/p>\n","protected":false},"author":1,"featured_media":0,"parent":0,"menu_order":0,"comment_status":"closed","ping_status":"closed","template":"page-business.php","meta":{"_acf_changed":false,"footnotes":""},"class_list":["post-13591","page","type-page","status-publish","hentry"],"acf":[],"_links":{"self":[{"href":"https:\/\/www.docfinder.at\/wissensmagazin\/wp-json\/wp\/v2\/pages\/13591","targetHints":{"allow":["GET"]}}],"collection":[{"href":"https:\/\/www.docfinder.at\/wissensmagazin\/wp-json\/wp\/v2\/pages"}],"about":[{"href":"https:\/\/www.docfinder.at\/wissensmagazin\/wp-json\/wp\/v2\/types\/page"}],"author":[{"embeddable":true,"href":"https:\/\/www.docfinder.at\/wissensmagazin\/wp-json\/wp\/v2\/users\/1"}],"replies":[{"embeddable":true,"href":"https:\/\/www.docfinder.at\/wissensmagazin\/wp-json\/wp\/v2\/comments?post=13591"}],"version-history":[{"count":175,"href":"https:\/\/www.docfinder.at\/wissensmagazin\/wp-json\/wp\/v2\/pages\/13591\/revisions"}],"predecessor-version":[{"id":16123,"href":"https:\/\/www.docfinder.at\/wissensmagazin\/wp-json\/wp\/v2\/pages\/13591\/revisions\/16123"}],"wp:attachment":[{"href":"https:\/\/www.docfinder.at\/wissensmagazin\/wp-json\/wp\/v2\/media?parent=13591"}],"curies":[{"name":"wp","href":"https:\/\/api.w.org\/{rel}","templated":true}]}}