{"id":13311,"date":"2023-12-05T13:15:15","date_gmt":"2023-12-05T12:15:15","guid":{"rendered":"https:\/\/www.docfinder.at\/wissensmagazin\/?page_id=13311"},"modified":"2024-07-30T14:11:01","modified_gmt":"2024-07-30T12:11:01","slug":"diabetes","status":"publish","type":"page","link":"https:\/\/www.docfinder.at\/wissensmagazin\/diabetes\/","title":{"rendered":"Diabetes"},"content":{"rendered":"\n<div class=\"col-12 col-md-6 order-5 p-0 order-md-1 bg-light filter-content\">\n    <h1> Diabetes <\/h1>\n<p>Das DocFinder-Wissensmagazin bietet einen umfassenden \u00dcberblick \u00fcber das Thema Diabetes. Hier erfahren Sie mehr \u00fcber Diabetes Typ 1, Diabetes Typ 2 und andere Formen dieser Erkrankung. Zudem erhalten Sie Einblicke in bew\u00e4hrte Therapiekonzepte, aktuelle Forschungsergebnisse, Ern\u00e4hrungsempfehlungen und praktische Ratschl\u00e4ge. In den folgenden Beitr\u00e4gen finden Sie viele wertvolle Informationen zum Thema.<\/p>\n<\/div>\n<div class=\"col-12 col-md-6 order-1 p-0 order-md-5 border-top border-primary border-2\">\n    <img decoding=\"async\" src=\"https:\/\/assets-ratgeber.docfinder.at\/uploads\/Diabetes_DocFinder_shutterstock_1167904876.jpg\" class=\"img-fluid\" alt=\"Header Bild\">\n<\/div>\n","protected":false},"excerpt":{"rendered":"","protected":false},"author":16,"featured_media":7490,"parent":0,"menu_order":0,"comment_status":"closed","ping_status":"closed","template":"page-themenfilter.php","meta":{"_acf_changed":false,"footnotes":""},"class_list":["post-13311","page","type-page","status-publish","has-post-thumbnail","hentry"],"acf":[],"_links":{"self":[{"href":"https:\/\/www.docfinder.at\/wissensmagazin\/wp-json\/wp\/v2\/pages\/13311","targetHints":{"allow":["GET"]}}],"collection":[{"href":"https:\/\/www.docfinder.at\/wissensmagazin\/wp-json\/wp\/v2\/pages"}],"about":[{"href":"https:\/\/www.docfinder.at\/wissensmagazin\/wp-json\/wp\/v2\/types\/page"}],"author":[{"embeddable":true,"href":"https:\/\/www.docfinder.at\/wissensmagazin\/wp-json\/wp\/v2\/users\/16"}],"replies":[{"embeddable":true,"href":"https:\/\/www.docfinder.at\/wissensmagazin\/wp-json\/wp\/v2\/comments?post=13311"}],"version-history":[{"count":24,"href":"https:\/\/www.docfinder.at\/wissensmagazin\/wp-json\/wp\/v2\/pages\/13311\/revisions"}],"predecessor-version":[{"id":15109,"href":"https:\/\/www.docfinder.at\/wissensmagazin\/wp-json\/wp\/v2\/pages\/13311\/revisions\/15109"}],"wp:featuredmedia":[{"embeddable":true,"href":"https:\/\/www.docfinder.at\/wissensmagazin\/wp-json\/wp\/v2\/media\/7490"}],"wp:attachment":[{"href":"https:\/\/www.docfinder.at\/wissensmagazin\/wp-json\/wp\/v2\/media?parent=13311"}],"curies":[{"name":"wp","href":"https:\/\/api.w.org\/{rel}","templated":true}]}}