{"id":494,"date":"2018-02-21T19:35:35","date_gmt":"2018-02-21T18:35:35","guid":{"rendered":"https:\/\/docfinder.rjanits.com\/?page_id=494"},"modified":"2025-01-08T12:02:14","modified_gmt":"2025-01-08T11:02:14","slug":"premium-eintrag","status":"publish","type":"page","link":"https:\/\/www.docfinder.at\/business\/arzt\/premium-eintrag\/","title":{"rendered":"Premium-Eintrag"},"content":{"rendered":"","protected":false},"excerpt":{"rendered":"","protected":false},"author":11,"featured_media":0,"parent":0,"menu_order":0,"comment_status":"closed","ping_status":"closed","template":"page-templates\/service.php","meta":{"_acf_changed":false,"footnotes":""},"class_list":["post-494","page","type-page","status-publish","hentry"],"acf":[],"yoast_head":"<!-- This site is optimized with the Yoast SEO Premium plugin v26.7 (Yoast SEO v26.7) - https:\/\/yoast.com\/wordpress\/plugins\/seo\/ -->\n<title>Premium-Eintrag - Praxismarketing: Patienten im Internet gewinnen<\/title>\n<meta name=\"description\" content=\"Ihr Eintrag auf \u00d6sterreichs gr\u00f6\u00dftem Arztsuchportal.\" \/>\n<meta name=\"robots\" content=\"index, follow, max-snippet:-1, max-image-preview:large, max-video-preview:-1\" \/>\n<link rel=\"canonical\" href=\"https:\/\/www.docfinder.at\/business\/arzt\/premium-eintrag\/\" \/>\n<meta property=\"og:locale\" content=\"en_US\" \/>\n<meta property=\"og:type\" content=\"article\" \/>\n<meta property=\"og:title\" content=\"Premium-Eintrag\" \/>\n<meta property=\"og:description\" content=\"Ihr Eintrag auf \u00d6sterreichs gr\u00f6\u00dftem Arztsuchportal.\" \/>\n<meta property=\"og:url\" content=\"https:\/\/www.docfinder.at\/business\/arzt\/premium-eintrag\/\" \/>\n<meta property=\"og:site_name\" content=\"Praxismarketing: Patienten im Internet gewinnen\" \/>\n<meta property=\"article:modified_time\" content=\"2025-01-08T11:02:14+00:00\" \/>\n<meta name=\"twitter:card\" content=\"summary_large_image\" \/>\n<script type=\"application\/ld+json\" class=\"yoast-schema-graph\">{\"@context\":\"https:\/\/schema.org\",\"@graph\":[{\"@type\":\"WebPage\",\"@id\":\"https:\/\/www.docfinder.at\/business\/arzt\/premium-eintrag\/\",\"url\":\"https:\/\/www.docfinder.at\/business\/arzt\/premium-eintrag\/\",\"name\":\"Premium-Eintrag - Praxismarketing: Patienten im Internet gewinnen\",\"isPartOf\":{\"@id\":\"https:\/\/www.docfinder.at\/business\/arzt\/#website\"},\"datePublished\":\"2018-02-21T18:35:35+00:00\",\"dateModified\":\"2025-01-08T11:02:14+00:00\",\"description\":\"Ihr Eintrag auf \u00d6sterreichs gr\u00f6\u00dftem Arztsuchportal.\",\"breadcrumb\":{\"@id\":\"https:\/\/www.docfinder.at\/business\/arzt\/premium-eintrag\/#breadcrumb\"},\"inLanguage\":\"en-US\",\"potentialAction\":[{\"@type\":\"ReadAction\",\"target\":[\"https:\/\/www.docfinder.at\/business\/arzt\/premium-eintrag\/\"]}]},{\"@type\":\"BreadcrumbList\",\"@id\":\"https:\/\/www.docfinder.at\/business\/arzt\/premium-eintrag\/#breadcrumb\",\"itemListElement\":[{\"@type\":\"ListItem\",\"position\":1,\"name\":\"Home\",\"item\":\"https:\/\/www.docfinder.at\/business\/arzt\/\"},{\"@type\":\"ListItem\",\"position\":2,\"name\":\"Premium-Eintrag\"}]},{\"@type\":\"WebSite\",\"@id\":\"https:\/\/www.docfinder.at\/business\/arzt\/#website\",\"url\":\"https:\/\/www.docfinder.at\/business\/arzt\/\",\"name\":\"Praxismarketing: Patienten im Internet gewinnen\",\"description\":\"DocFinder.at\",\"potentialAction\":[{\"@type\":\"SearchAction\",\"target\":{\"@type\":\"EntryPoint\",\"urlTemplate\":\"https:\/\/www.docfinder.at\/business\/arzt\/?s={search_term_string}\"},\"query-input\":{\"@type\":\"PropertyValueSpecification\",\"valueRequired\":true,\"valueName\":\"search_term_string\"}}],\"inLanguage\":\"en-US\"}]}<\/script>\n<!-- \/ Yoast SEO Premium plugin. -->","yoast_head_json":{"title":"Premium-Eintrag - Praxismarketing: Patienten im Internet gewinnen","description":"Ihr Eintrag auf \u00d6sterreichs gr\u00f6\u00dftem Arztsuchportal.","robots":{"index":"index","follow":"follow","max-snippet":"max-snippet:-1","max-image-preview":"max-image-preview:large","max-video-preview":"max-video-preview:-1"},"canonical":"https:\/\/www.docfinder.at\/business\/arzt\/premium-eintrag\/","og_locale":"en_US","og_type":"article","og_title":"Premium-Eintrag","og_description":"Ihr Eintrag auf \u00d6sterreichs gr\u00f6\u00dftem Arztsuchportal.","og_url":"https:\/\/www.docfinder.at\/business\/arzt\/premium-eintrag\/","og_site_name":"Praxismarketing: Patienten im Internet gewinnen","article_modified_time":"2025-01-08T11:02:14+00:00","twitter_card":"summary_large_image","schema":{"@context":"https:\/\/schema.org","@graph":[{"@type":"WebPage","@id":"https:\/\/www.docfinder.at\/business\/arzt\/premium-eintrag\/","url":"https:\/\/www.docfinder.at\/business\/arzt\/premium-eintrag\/","name":"Premium-Eintrag - Praxismarketing: Patienten im Internet gewinnen","isPartOf":{"@id":"https:\/\/www.docfinder.at\/business\/arzt\/#website"},"datePublished":"2018-02-21T18:35:35+00:00","dateModified":"2025-01-08T11:02:14+00:00","description":"Ihr Eintrag auf \u00d6sterreichs gr\u00f6\u00dftem Arztsuchportal.","breadcrumb":{"@id":"https:\/\/www.docfinder.at\/business\/arzt\/premium-eintrag\/#breadcrumb"},"inLanguage":"en-US","potentialAction":[{"@type":"ReadAction","target":["https:\/\/www.docfinder.at\/business\/arzt\/premium-eintrag\/"]}]},{"@type":"BreadcrumbList","@id":"https:\/\/www.docfinder.at\/business\/arzt\/premium-eintrag\/#breadcrumb","itemListElement":[{"@type":"ListItem","position":1,"name":"Home","item":"https:\/\/www.docfinder.at\/business\/arzt\/"},{"@type":"ListItem","position":2,"name":"Premium-Eintrag"}]},{"@type":"WebSite","@id":"https:\/\/www.docfinder.at\/business\/arzt\/#website","url":"https:\/\/www.docfinder.at\/business\/arzt\/","name":"Praxismarketing: Patienten im Internet gewinnen","description":"DocFinder.at","potentialAction":[{"@type":"SearchAction","target":{"@type":"EntryPoint","urlTemplate":"https:\/\/www.docfinder.at\/business\/arzt\/?s={search_term_string}"},"query-input":{"@type":"PropertyValueSpecification","valueRequired":true,"valueName":"search_term_string"}}],"inLanguage":"en-US"}]}},"_links":{"self":[{"href":"https:\/\/www.docfinder.at\/business\/arzt\/wp-json\/wp\/v2\/pages\/494","targetHints":{"allow":["GET"]}}],"collection":[{"href":"https:\/\/www.docfinder.at\/business\/arzt\/wp-json\/wp\/v2\/pages"}],"about":[{"href":"https:\/\/www.docfinder.at\/business\/arzt\/wp-json\/wp\/v2\/types\/page"}],"author":[{"embeddable":true,"href":"https:\/\/www.docfinder.at\/business\/arzt\/wp-json\/wp\/v2\/users\/11"}],"replies":[{"embeddable":true,"href":"https:\/\/www.docfinder.at\/business\/arzt\/wp-json\/wp\/v2\/comments?post=494"}],"version-history":[{"count":197,"href":"https:\/\/www.docfinder.at\/business\/arzt\/wp-json\/wp\/v2\/pages\/494\/revisions"}],"predecessor-version":[{"id":2514,"href":"https:\/\/www.docfinder.at\/business\/arzt\/wp-json\/wp\/v2\/pages\/494\/revisions\/2514"}],"wp:attachment":[{"href":"https:\/\/www.docfinder.at\/business\/arzt\/wp-json\/wp\/v2\/media?parent=494"}],"curies":[{"name":"wp","href":"https:\/\/api.w.org\/{rel}","templated":true}]}}